{"id":17,"date":"2014-07-05T23:47:34","date_gmt":"2014-07-05T22:47:34","guid":{"rendered":"http:\/\/sarahtullamore.com\/wp\/?page_id=17"},"modified":"2026-02-12T17:10:09","modified_gmt":"2026-02-12T16:10:09","slug":"contact","status":"publish","type":"page","link":"https:\/\/sarahtullamore.com\/fr_fr\/contact\/","title":{"rendered":"Contact"},"content":{"rendered":"\n<div class=\"wp-block-group alignfull has-background has-global-padding is-layout-constrained wp-container-core-group-is-layout-d339c02e wp-block-group-is-layout-constrained\" style=\"background:linear-gradient(304deg,rgb(255,255,255) 0%,rgb(245,242,251) 100%);margin-top:0;margin-bottom:0;padding-top:80px;padding-right:var(--wp--preset--spacing--50);padding-bottom:80px;padding-left:var(--wp--preset--spacing--50)\">\n<div class=\"wp-block-group alignwide is-layout-flow wp-container-core-group-is-layout-19eabfb7 wp-block-group-is-layout-flow\">\n<div class=\"wp-block-group is-layout-flow wp-container-core-group-is-layout-81d5c4b5 wp-block-group-is-layout-flow\">\n<h2 class=\"wp-block-heading\"><strong>Contactez-moi<\/strong><\/h2>\n\n\n\n<hr class=\"wp-block-separator has-text-color has-alpha-channel-opacity has-background is-style-wide\" style=\"background-color:#4f1b8217;color:#4f1b8217\"\/>\n<\/div>\n\n\n\n<p class=\"has-contrast-color has-text-color has-link-color wp-elements-6ad214a2b3c5fee755d0da4f1279859d\">Si vous souhaitez me contacter pour un projet de voix, de spectacle, d\u2019\u00e9v\u00e9nementiel ou pour toute autre information sur mes activit\u00e9s professionnelles, je vous invite \u00e0 renseigner le formulaire ci-dessous et je vous contacterai dans les meilleurs d\u00e9lais. Merci beaucoup.<\/p>\n\n\n\n<div class=\"wp-block-group has-background is-layout-flow wp-container-core-group-is-layout-9272c66f wp-block-group-is-layout-flow\" style=\"border-radius:31px;background-color:#f1eff7;margin-top:60px;margin-bottom:60px;padding-top:var(--wp--preset--spacing--20);padding-right:var(--wp--preset--spacing--30);padding-bottom:var(--wp--preset--spacing--20);padding-left:var(--wp--preset--spacing--30)\">\n<div class=\"wp-block-group is-layout-grid wp-container-core-group-is-layout-f2d2ffd4 wp-block-group-is-layout-grid\">\n<div class=\"wp-block-contact-form-7-contact-form-selector\">\n<div class=\"wpcf7 no-js\" id=\"wpcf7-f284-o1\" lang=\"fr-FR\" dir=\"ltr\" data-wpcf7-id=\"284\">\n<div class=\"screen-reader-response\"><p role=\"status\" aria-live=\"polite\" aria-atomic=\"true\"><\/p> <ul><\/ul><\/div>\n<form action=\"\/fr_fr\/wp-json\/wp\/v2\/pages\/17#wpcf7-f284-o1\" method=\"post\" class=\"wpcf7-form init\" aria-label=\"Formulaire de contact\" novalidate=\"novalidate\" data-status=\"init\">\n<fieldset class=\"hidden-fields-container\"><input type=\"hidden\" name=\"_wpcf7\" value=\"284\" \/><input type=\"hidden\" name=\"_wpcf7_version\" value=\"6.1.5\" \/><input type=\"hidden\" name=\"_wpcf7_locale\" value=\"fr_FR\" \/><input type=\"hidden\" name=\"_wpcf7_unit_tag\" value=\"wpcf7-f284-o1\" \/><input type=\"hidden\" name=\"_wpcf7_container_post\" value=\"0\" \/><input type=\"hidden\" name=\"_wpcf7_posted_data_hash\" value=\"\" \/><input type=\"hidden\" name=\"_wpcf7_recaptcha_response\" value=\"\" \/>\n<\/fieldset>\n<p>Votre nom (*)\n<\/p>\n<p><span class=\"wpcf7-form-control-wrap\" data-name=\"your-name\"><input size=\"40\" maxlength=\"400\" class=\"wpcf7-form-control wpcf7-text wpcf7-validates-as-required\" aria-required=\"true\" aria-invalid=\"false\" value=\"\" type=\"text\" name=\"your-name\" \/><\/span>\n<\/p>\n<p>Votre email (*)\n<\/p>\n<p><span class=\"wpcf7-form-control-wrap\" data-name=\"your-email\"><input size=\"40\" maxlength=\"400\" class=\"wpcf7-form-control wpcf7-email wpcf7-validates-as-required wpcf7-text wpcf7-validates-as-email\" aria-required=\"true\" aria-invalid=\"false\" value=\"\" type=\"email\" name=\"your-email\" \/><\/span>\n<\/p>\n<p>Sujet\n<\/p>\n<p><span class=\"wpcf7-form-control-wrap\" data-name=\"your-subject\"><input size=\"40\" maxlength=\"400\" class=\"wpcf7-form-control wpcf7-text\" aria-invalid=\"false\" value=\"\" type=\"text\" name=\"your-subject\" \/><\/span>\n<\/p>\n<p>Votre message\n<\/p>\n<p><span class=\"wpcf7-form-control-wrap\" data-name=\"your-message\"><textarea cols=\"40\" rows=\"10\" maxlength=\"2000\" class=\"wpcf7-form-control wpcf7-textarea\" aria-invalid=\"false\" name=\"your-message\"><\/textarea><\/span>\n<\/p>\n<p><input class=\"wpcf7-form-control wpcf7-submit has-spinner\" type=\"submit\" value=\"Envoyer\" \/>\n<\/p><p style=\"display: none !important;\" class=\"akismet-fields-container\" data-prefix=\"_wpcf7_ak_\"><label>&#916;<textarea name=\"_wpcf7_ak_hp_textarea\" cols=\"45\" rows=\"8\" maxlength=\"100\"><\/textarea><\/label><input type=\"hidden\" id=\"ak_js_1\" name=\"_wpcf7_ak_js\" value=\"86\"\/><script>document.getElementById( \"ak_js_1\" ).setAttribute( \"value\", ( new Date() ).getTime() );<\/script><\/p><div class=\"wpcf7-response-output\" aria-hidden=\"true\"><\/div>\n<\/form>\n<\/div>\n<\/div>\n\n\n\n<div class=\"wp-block-group has-global-padding is-content-justification-center is-layout-constrained wp-container-core-group-is-layout-860428b2 wp-block-group-is-layout-constrained has-background\" style=\"min-height:530px;padding-top:var(--wp--preset--spacing--40);padding-right:var(--wp--preset--spacing--40);padding-bottom:var(--wp--preset--spacing--40);padding-left:var(--wp--preset--spacing--40);background-image:url(&apos;https:\/\/sarahtullamore.com\/wp-content\/uploads\/2025\/10\/shape.png&apos;);background-position:39% 39%;background-size:cover;background-attachment:scroll;\">\n<figure class=\"wp-block-image alignright size-full is-resized has-custom-border\" style=\"margin-right:0;margin-left:0\"><a href=\"https:\/\/sarahtullamore.com\/wp-content\/uploads\/2025\/12\/sarah-contact-scaled.jpg\"><img loading=\"lazy\" decoding=\"async\" width=\"1707\" height=\"2560\" data-attachment-id=\"14010\" data-permalink=\"https:\/\/sarahtullamore.com\/fr_fr\/contact\/sarah-contact\/\" data-orig-file=\"https:\/\/sarahtullamore.com\/wp-content\/uploads\/2025\/12\/sarah-contact-scaled.jpg\" data-orig-size=\"1707,2560\" data-comments-opened=\"1\" data-image-meta=\"{&quot;aperture&quot;:&quot;0&quot;,&quot;credit&quot;:&quot;PIERRE-OLIVIER  +33(0)611956891 www.pierre-olivier-photo.com&quot;,&quot;camera&quot;:&quot;&quot;,&quot;caption&quot;:&quot;&quot;,&quot;created_timestamp&quot;:&quot;0&quot;,&quot;copyright&quot;:&quot;(c)PIERRE-OLIVIER&quot;,&quot;focal_length&quot;:&quot;0&quot;,&quot;iso&quot;:&quot;0&quot;,&quot;shutter_speed&quot;:&quot;0&quot;,&quot;title&quot;:&quot;&quot;,&quot;orientation&quot;:&quot;0&quot;}\" data-image-title=\"sarah-contact\" data-image-description=\"\" data-image-caption=\"\" data-large-file=\"https:\/\/sarahtullamore.com\/wp-content\/uploads\/2025\/12\/sarah-contact-683x1024.jpg\" src=\"https:\/\/sarahtullamore.com\/wp-content\/uploads\/2025\/12\/sarah-contact-scaled.jpg\" alt=\"\" class=\"wp-image-14010\" style=\"border-radius:24px;width:420px\" srcset=\"https:\/\/sarahtullamore.com\/wp-content\/uploads\/2025\/12\/sarah-contact-scaled.jpg 1707w, https:\/\/sarahtullamore.com\/wp-content\/uploads\/2025\/12\/sarah-contact-200x300.jpg 200w, https:\/\/sarahtullamore.com\/wp-content\/uploads\/2025\/12\/sarah-contact-683x1024.jpg 683w, https:\/\/sarahtullamore.com\/wp-content\/uploads\/2025\/12\/sarah-contact-768x1152.jpg 768w, https:\/\/sarahtullamore.com\/wp-content\/uploads\/2025\/12\/sarah-contact-1024x1536.jpg 1024w, https:\/\/sarahtullamore.com\/wp-content\/uploads\/2025\/12\/sarah-contact-1365x2048.jpg 1365w, https:\/\/sarahtullamore.com\/wp-content\/uploads\/2025\/12\/sarah-contact-8x12.jpg 8w\" sizes=\"auto, (max-width: 1707px) 100vw, 1707px\" \/><\/a><\/figure>\n<\/div>\n<\/div>\n<\/div>\n<\/div>\n<\/div>\n","protected":false},"excerpt":{"rendered":"<p>Contactez-moi Si vous souhaitez me contacter pour un projet de voix, de spectacle, d\u2019\u00e9v\u00e9nementiel ou pour toute autre information sur mes activit\u00e9s professionnelles, je vous invite \u00e0 renseigner le formulaire ci-dessous et je vous contacterai dans les meilleurs d\u00e9lais. Merci beaucoup.<\/p>\n","protected":false},"author":3,"featured_media":0,"parent":0,"menu_order":0,"comment_status":"closed","ping_status":"closed","template":"","meta":{"pgc_sgb_lightbox_settings":"","footnotes":""},"class_list":["post-17","page","type-page","status-publish","hentry"],"yoast_head":"<!-- This site is optimized with the Yoast SEO plugin v27.3 - https:\/\/yoast.com\/product\/yoast-seo-wordpress\/ -->\n<title>Contact - Sarah Tullamore<\/title>\n<meta name=\"robots\" content=\"index, follow, max-snippet:-1, max-image-preview:large, max-video-preview:-1\" \/>\n<link rel=\"canonical\" href=\"https:\/\/sarahtullamore.com\/fr_fr\/contact\/\" \/>\n<meta property=\"og:locale\" content=\"fr_FR\" \/>\n<meta property=\"og:type\" content=\"article\" \/>\n<meta property=\"og:title\" content=\"Contact - Sarah Tullamore\" \/>\n<meta property=\"og:description\" content=\"Contactez-moi Si vous souhaitez me contacter pour un projet de voix, de spectacle, d\u2019\u00e9v\u00e9nementiel ou pour toute autre information sur mes activit\u00e9s professionnelles, je vous invite \u00e0 renseigner le formulaire ci-dessous et je vous contacterai dans les meilleurs d\u00e9lais. Merci beaucoup.\" \/>\n<meta property=\"og:url\" content=\"https:\/\/sarahtullamore.com\/fr_fr\/contact\/\" \/>\n<meta property=\"og:site_name\" content=\"Sarah Tullamore\" \/>\n<meta property=\"article:modified_time\" content=\"2026-02-12T16:10:09+00:00\" \/>\n<meta property=\"og:image\" content=\"https:\/\/sarahtullamore.com\/wp-content\/uploads\/2025\/12\/sarah-contact-scaled.jpg\" \/>\n\t<meta property=\"og:image:width\" content=\"1707\" \/>\n\t<meta property=\"og:image:height\" content=\"2560\" \/>\n\t<meta property=\"og:image:type\" content=\"image\/jpeg\" \/>\n<meta name=\"twitter:label1\" content=\"Dur\u00e9e de lecture estim\u00e9e\" \/>\n\t<meta name=\"twitter:data1\" content=\"1 minute\" \/>\n<script type=\"application\/ld+json\" class=\"yoast-schema-graph\">{\"@context\":\"https:\\\/\\\/schema.org\",\"@graph\":[{\"@type\":\"WebPage\",\"@id\":\"https:\\\/\\\/sarahtullamore.com\\\/contact\\\/\",\"url\":\"https:\\\/\\\/sarahtullamore.com\\\/contact\\\/\",\"name\":\"Contact - Sarah Tullamore\",\"isPartOf\":{\"@id\":\"https:\\\/\\\/sarahtullamore.com\\\/#website\"},\"primaryImageOfPage\":{\"@id\":\"https:\\\/\\\/sarahtullamore.com\\\/contact\\\/#primaryimage\"},\"image\":{\"@id\":\"https:\\\/\\\/sarahtullamore.com\\\/contact\\\/#primaryimage\"},\"thumbnailUrl\":\"https:\\\/\\\/sarahtullamore.com\\\/wp-content\\\/uploads\\\/2025\\\/12\\\/sarah-contact-scaled.jpg\",\"datePublished\":\"2014-07-05T22:47:34+00:00\",\"dateModified\":\"2026-02-12T16:10:09+00:00\",\"breadcrumb\":{\"@id\":\"https:\\\/\\\/sarahtullamore.com\\\/contact\\\/#breadcrumb\"},\"inLanguage\":\"fr-FR\",\"potentialAction\":[{\"@type\":\"ReadAction\",\"target\":[\"https:\\\/\\\/sarahtullamore.com\\\/contact\\\/\"]}]},{\"@type\":\"ImageObject\",\"inLanguage\":\"fr-FR\",\"@id\":\"https:\\\/\\\/sarahtullamore.com\\\/contact\\\/#primaryimage\",\"url\":\"https:\\\/\\\/sarahtullamore.com\\\/wp-content\\\/uploads\\\/2025\\\/12\\\/sarah-contact-scaled.jpg\",\"contentUrl\":\"https:\\\/\\\/sarahtullamore.com\\\/wp-content\\\/uploads\\\/2025\\\/12\\\/sarah-contact-scaled.jpg\"},{\"@type\":\"BreadcrumbList\",\"@id\":\"https:\\\/\\\/sarahtullamore.com\\\/contact\\\/#breadcrumb\",\"itemListElement\":[{\"@type\":\"ListItem\",\"position\":1,\"name\":\"Accueil\",\"item\":\"https:\\\/\\\/sarahtullamore.com\\\/\"},{\"@type\":\"ListItem\",\"position\":2,\"name\":\"Contact\"}]},{\"@type\":\"WebSite\",\"@id\":\"https:\\\/\\\/sarahtullamore.com\\\/#website\",\"url\":\"https:\\\/\\\/sarahtullamore.com\\\/\",\"name\":\"Sarah Tullamore\",\"description\":\"chanteuse,com\u00e9dienne, artiste de voix-off\",\"publisher\":{\"@id\":\"https:\\\/\\\/sarahtullamore.com\\\/#\\\/schema\\\/person\\\/1bb50dea6b61232b64b56e3087950e5b\"},\"potentialAction\":[{\"@type\":\"SearchAction\",\"target\":{\"@type\":\"EntryPoint\",\"urlTemplate\":\"https:\\\/\\\/sarahtullamore.com\\\/?s={search_term_string}\"},\"query-input\":{\"@type\":\"PropertyValueSpecification\",\"valueRequired\":true,\"valueName\":\"search_term_string\"}}],\"inLanguage\":\"fr-FR\"},{\"@type\":[\"Person\",\"Organization\"],\"@id\":\"https:\\\/\\\/sarahtullamore.com\\\/#\\\/schema\\\/person\\\/1bb50dea6b61232b64b56e3087950e5b\",\"name\":\"Sarah Tullamore\",\"image\":{\"@type\":\"ImageObject\",\"inLanguage\":\"fr-FR\",\"@id\":\"https:\\\/\\\/sarahtullamore.com\\\/wp-content\\\/uploads\\\/2025\\\/10\\\/logo-sarah2025v2.png\",\"url\":\"https:\\\/\\\/sarahtullamore.com\\\/wp-content\\\/uploads\\\/2025\\\/10\\\/logo-sarah2025v2.png\",\"contentUrl\":\"https:\\\/\\\/sarahtullamore.com\\\/wp-content\\\/uploads\\\/2025\\\/10\\\/logo-sarah2025v2.png\",\"width\":346,\"height\":118,\"caption\":\"Sarah Tullamore\"},\"logo\":{\"@id\":\"https:\\\/\\\/sarahtullamore.com\\\/wp-content\\\/uploads\\\/2025\\\/10\\\/logo-sarah2025v2.png\"}}]}<\/script>\n<!-- \/ Yoast SEO plugin. -->","yoast_head_json":{"title":"Contact - Sarah Tullamore","robots":{"index":"index","follow":"follow","max-snippet":"max-snippet:-1","max-image-preview":"max-image-preview:large","max-video-preview":"max-video-preview:-1"},"canonical":"https:\/\/sarahtullamore.com\/fr_fr\/contact\/","og_locale":"fr_FR","og_type":"article","og_title":"Contact - Sarah Tullamore","og_description":"Contactez-moi Si vous souhaitez me contacter pour un projet de voix, de spectacle, d\u2019\u00e9v\u00e9nementiel ou pour toute autre information sur mes activit\u00e9s professionnelles, je vous invite \u00e0 renseigner le formulaire ci-dessous et je vous contacterai dans les meilleurs d\u00e9lais. Merci beaucoup.","og_url":"https:\/\/sarahtullamore.com\/fr_fr\/contact\/","og_site_name":"Sarah Tullamore","article_modified_time":"2026-02-12T16:10:09+00:00","og_image":[{"width":1707,"height":2560,"url":"https:\/\/sarahtullamore.com\/wp-content\/uploads\/2025\/12\/sarah-contact-scaled.jpg","type":"image\/jpeg"}],"twitter_misc":{"Dur\u00e9e de lecture estim\u00e9e":"1 minute"},"schema":{"@context":"https:\/\/schema.org","@graph":[{"@type":"WebPage","@id":"https:\/\/sarahtullamore.com\/contact\/","url":"https:\/\/sarahtullamore.com\/contact\/","name":"Contact - Sarah Tullamore","isPartOf":{"@id":"https:\/\/sarahtullamore.com\/#website"},"primaryImageOfPage":{"@id":"https:\/\/sarahtullamore.com\/contact\/#primaryimage"},"image":{"@id":"https:\/\/sarahtullamore.com\/contact\/#primaryimage"},"thumbnailUrl":"https:\/\/sarahtullamore.com\/wp-content\/uploads\/2025\/12\/sarah-contact-scaled.jpg","datePublished":"2014-07-05T22:47:34+00:00","dateModified":"2026-02-12T16:10:09+00:00","breadcrumb":{"@id":"https:\/\/sarahtullamore.com\/contact\/#breadcrumb"},"inLanguage":"fr-FR","potentialAction":[{"@type":"ReadAction","target":["https:\/\/sarahtullamore.com\/contact\/"]}]},{"@type":"ImageObject","inLanguage":"fr-FR","@id":"https:\/\/sarahtullamore.com\/contact\/#primaryimage","url":"https:\/\/sarahtullamore.com\/wp-content\/uploads\/2025\/12\/sarah-contact-scaled.jpg","contentUrl":"https:\/\/sarahtullamore.com\/wp-content\/uploads\/2025\/12\/sarah-contact-scaled.jpg"},{"@type":"BreadcrumbList","@id":"https:\/\/sarahtullamore.com\/contact\/#breadcrumb","itemListElement":[{"@type":"ListItem","position":1,"name":"Accueil","item":"https:\/\/sarahtullamore.com\/"},{"@type":"ListItem","position":2,"name":"Contact"}]},{"@type":"WebSite","@id":"https:\/\/sarahtullamore.com\/#website","url":"https:\/\/sarahtullamore.com\/","name":"Sarah Tullamore","description":"chanteuse,com\u00e9dienne, artiste de voix-off","publisher":{"@id":"https:\/\/sarahtullamore.com\/#\/schema\/person\/1bb50dea6b61232b64b56e3087950e5b"},"potentialAction":[{"@type":"SearchAction","target":{"@type":"EntryPoint","urlTemplate":"https:\/\/sarahtullamore.com\/?s={search_term_string}"},"query-input":{"@type":"PropertyValueSpecification","valueRequired":true,"valueName":"search_term_string"}}],"inLanguage":"fr-FR"},{"@type":["Person","Organization"],"@id":"https:\/\/sarahtullamore.com\/#\/schema\/person\/1bb50dea6b61232b64b56e3087950e5b","name":"Sarah Tullamore","image":{"@type":"ImageObject","inLanguage":"fr-FR","@id":"https:\/\/sarahtullamore.com\/wp-content\/uploads\/2025\/10\/logo-sarah2025v2.png","url":"https:\/\/sarahtullamore.com\/wp-content\/uploads\/2025\/10\/logo-sarah2025v2.png","contentUrl":"https:\/\/sarahtullamore.com\/wp-content\/uploads\/2025\/10\/logo-sarah2025v2.png","width":346,"height":118,"caption":"Sarah Tullamore"},"logo":{"@id":"https:\/\/sarahtullamore.com\/wp-content\/uploads\/2025\/10\/logo-sarah2025v2.png"}}]}},"jetpack_sharing_enabled":true,"jetpack_shortlink":"https:\/\/wp.me\/Ph55sf-h","_links":{"self":[{"href":"https:\/\/sarahtullamore.com\/fr_fr\/wp-json\/wp\/v2\/pages\/17","targetHints":{"allow":["GET"]}}],"collection":[{"href":"https:\/\/sarahtullamore.com\/fr_fr\/wp-json\/wp\/v2\/pages"}],"about":[{"href":"https:\/\/sarahtullamore.com\/fr_fr\/wp-json\/wp\/v2\/types\/page"}],"author":[{"embeddable":true,"href":"https:\/\/sarahtullamore.com\/fr_fr\/wp-json\/wp\/v2\/users\/3"}],"replies":[{"embeddable":true,"href":"https:\/\/sarahtullamore.com\/fr_fr\/wp-json\/wp\/v2\/comments?post=17"}],"version-history":[{"count":73,"href":"https:\/\/sarahtullamore.com\/fr_fr\/wp-json\/wp\/v2\/pages\/17\/revisions"}],"predecessor-version":[{"id":14228,"href":"https:\/\/sarahtullamore.com\/fr_fr\/wp-json\/wp\/v2\/pages\/17\/revisions\/14228"}],"wp:attachment":[{"href":"https:\/\/sarahtullamore.com\/fr_fr\/wp-json\/wp\/v2\/media?parent=17"}],"curies":[{"name":"wp","href":"https:\/\/api.w.org\/{rel}","templated":true}]}}