{"id":13804,"date":"2025-11-17T19:46:41","date_gmt":"2025-11-17T18:46:41","guid":{"rendered":"https:\/\/laurasavow.com\/preview-sarahtullamore\/?page_id=13804"},"modified":"2026-02-09T13:20:17","modified_gmt":"2026-02-09T12:20:17","slug":"mentions-legales","status":"publish","type":"page","link":"https:\/\/sarahtullamore.com\/fr_fr\/mentions-legales\/","title":{"rendered":"Mentions l\u00e9gales"},"content":{"rendered":"\n<div class=\"wp-block-group alignfull has-background has-global-padding is-layout-constrained wp-container-core-group-is-layout-d339c02e wp-block-group-is-layout-constrained\" style=\"background:linear-gradient(304deg,rgb(255,255,255) 0%,rgb(245,242,251) 100%);margin-top:0;margin-bottom:0;padding-top:80px;padding-right:var(--wp--preset--spacing--50);padding-bottom:80px;padding-left:var(--wp--preset--spacing--50)\">\n<div class=\"wp-block-group alignwide is-layout-flow wp-container-core-group-is-layout-c951c46d wp-block-group-is-layout-flow\">\n<div class=\"wp-block-group is-layout-flow wp-container-core-group-is-layout-81d5c4b5 wp-block-group-is-layout-flow\">\n<h2 class=\"wp-block-heading\"><strong>Mentions l\u00e9gales<\/strong><\/h2>\n\n\n\n<hr class=\"wp-block-separator has-text-color has-alpha-channel-opacity has-background is-style-wide\" style=\"background-color:#4f1b8217;color:#4f1b8217\"\/>\n<\/div>\n\n\n\n<div class=\"wp-block-group is-layout-flow wp-container-core-group-is-layout-81d5c4b5 wp-block-group-is-layout-flow\">\n<p class=\"has-contrast-color has-text-color has-link-color wp-elements-9f980d9545bdea61d402c157b4beff37\"><strong>\u258c\u00c9diteur du site<\/strong><br>Sarah Tullamore<br>sarah.tullamore[at]gmail.com<\/p>\n\n\n\n<p><strong>\u258cStatut juridique<\/strong><br>Artiste \u2013 Intermittente du spectacle<\/p>\n\n\n\n<p><strong>\u258cConception du site<\/strong><br><a href=\"https:\/\/laurasavow.com\/\" type=\"link\" id=\"https:\/\/laurasavow.com\/\" target=\"_blank\" rel=\"noreferrer noopener\"><mark style=\"background-color:rgba(0, 0, 0, 0)\" class=\"has-inline-color has-contrast-3-color\">Laura Savow &#8211; UX\/UI designer graphiste<\/mark><\/a><\/p>\n\n\n\n<p><strong>\u258cH\u00e9bergeur du site<\/strong><br>IONOS<br>7 PLACE DE LA GARE 57200 SARREGUEMINES<br>0970 808 911<\/p>\n\n\n\n<p><strong>\u258cPropri\u00e9t\u00e9 intellectuelle<\/strong><br>Le contenu (textes, images, vid\u00e9os\u2026) du site <em>sarahtullamore.com<\/em> est la propri\u00e9t\u00e9 de Sarah Tullamore, sauf mention contraire. Toute reproduction, repr\u00e9sentation ou adaptation, en tout ou partie, des \u00e9l\u00e9ments du site, sans autorisation \u00e9crite pr\u00e9alable, est interdite.<\/p>\n\n\n\n<p><strong>\u258cDonn\u00e9es personnelles<\/strong><br>Les utilisateurs du site peuvent \u00eatre amen\u00e9s \u00e0 fournir certaines donn\u00e9es personnelles (via les formulaires de contact, par exemple). Ces donn\u00e9es sont trait\u00e9es par Sarah Tullamore conform\u00e9ment au R\u00e8glement g\u00e9n\u00e9ral sur la protection des donn\u00e9es (RGPD).<\/p>\n\n\n\n<ul class=\"wp-block-list\">\n<li>Finalit\u00e9 de la collecte : Formulaire de Contact<\/li>\n\n\n\n<li>Dur\u00e9e de conservation : 3 ans<\/li>\n\n\n\n<li>Droits des utilisateurs : acc\u00e8s, rectification, suppression, portabilit\u00e9, opposition.<\/li>\n<\/ul>\n\n\n\n<p><strong>\u258cResponsabilit\u00e9<\/strong><br>Sarah Tullamore s\u2019efforce de fournir des informations fiables, mais ne garantit pas que le site sera exempt d\u2019erreurs ou d\u2019interruptions. En cas de dommages directs ou indirects r\u00e9sultant de l\u2019acc\u00e8s au site, l\u2019\u00e9diteur ne pourra \u00eatre tenu responsable.<\/p>\n\n\n\n<p><strong>\u258cLiens externes<\/strong><br>Le site peut contenir des liens vers d\u2019autres sites web. Sarah Tullamore d\u00e9cline toute responsabilit\u00e9 quant au contenu de ces sites.<\/p>\n\n\n\n<p class=\"has-contrast-color has-text-color has-link-color wp-elements-0b0eea8cdd11470577772b2204bda841\"><strong>\u258cModification des mentions l\u00e9gales<\/strong><br>Sarah Tullamore se r\u00e9serve le droit de modifier ces mentions \u00e0 tout moment. Les modifications seront publi\u00e9es sur cette page.<\/p>\n<\/div>\n<\/div>\n<\/div>\n","protected":false},"excerpt":{"rendered":"<p>Mentions l\u00e9gales \u258c\u00c9diteur du siteSarah Tullamoresarah.tullamore[at]gmail.com \u258cStatut juridiqueArtiste \u2013 Intermittente du spectacle \u258cConception du siteLaura Savow &#8211; UX\/UI designer graphiste \u258cH\u00e9bergeur du siteIONOS7 PLACE DE LA GARE 57200 SARREGUEMINES0970 808 911 \u258cPropri\u00e9t\u00e9 intellectuelleLe contenu (textes, images, vid\u00e9os\u2026) du site sarahtullamore.com est la propri\u00e9t\u00e9 de Sarah Tullamore, sauf mention contraire. Toute reproduction, repr\u00e9sentation ou adaptation, en [&hellip;]<\/p>\n","protected":false},"author":3,"featured_media":0,"parent":0,"menu_order":0,"comment_status":"closed","ping_status":"closed","template":"","meta":{"pgc_sgb_lightbox_settings":"","footnotes":""},"class_list":["post-13804","page","type-page","status-publish","hentry"],"yoast_head":"<!-- This site is optimized with the Yoast SEO plugin v27.3 - https:\/\/yoast.com\/product\/yoast-seo-wordpress\/ -->\n<title>Mentions l\u00e9gales - Sarah Tullamore<\/title>\n<meta name=\"robots\" content=\"index, follow, max-snippet:-1, max-image-preview:large, max-video-preview:-1\" \/>\n<link rel=\"canonical\" href=\"https:\/\/sarahtullamore.com\/fr_fr\/mentions-legales\/\" \/>\n<meta property=\"og:locale\" content=\"fr_FR\" \/>\n<meta property=\"og:type\" content=\"article\" \/>\n<meta property=\"og:title\" content=\"Mentions l\u00e9gales - Sarah Tullamore\" \/>\n<meta property=\"og:description\" content=\"Mentions l\u00e9gales \u258c\u00c9diteur du siteSarah Tullamoresarah.tullamore[at]gmail.com \u258cStatut juridiqueArtiste \u2013 Intermittente du spectacle \u258cConception du siteLaura Savow &#8211; UX\/UI designer graphiste \u258cH\u00e9bergeur du siteIONOS7 PLACE DE LA GARE 57200 SARREGUEMINES0970 808 911 \u258cPropri\u00e9t\u00e9 intellectuelleLe contenu (textes, images, vid\u00e9os\u2026) du site sarahtullamore.com est la propri\u00e9t\u00e9 de Sarah Tullamore, sauf mention contraire. Toute reproduction, repr\u00e9sentation ou adaptation, en [&hellip;]\" \/>\n<meta property=\"og:url\" content=\"https:\/\/sarahtullamore.com\/fr_fr\/mentions-legales\/\" \/>\n<meta property=\"og:site_name\" content=\"Sarah Tullamore\" \/>\n<meta property=\"article:modified_time\" content=\"2026-02-09T12:20:17+00:00\" \/>\n<meta name=\"twitter:label1\" content=\"Dur\u00e9e de lecture estim\u00e9e\" \/>\n\t<meta name=\"twitter:data1\" content=\"2 minutes\" \/>\n<script type=\"application\/ld+json\" class=\"yoast-schema-graph\">{\"@context\":\"https:\\\/\\\/schema.org\",\"@graph\":[{\"@type\":\"WebPage\",\"@id\":\"https:\\\/\\\/sarahtullamore.com\\\/mentions-legales\\\/\",\"url\":\"https:\\\/\\\/sarahtullamore.com\\\/mentions-legales\\\/\",\"name\":\"Mentions l\u00e9gales - Sarah Tullamore\",\"isPartOf\":{\"@id\":\"https:\\\/\\\/sarahtullamore.com\\\/#website\"},\"datePublished\":\"2025-11-17T18:46:41+00:00\",\"dateModified\":\"2026-02-09T12:20:17+00:00\",\"breadcrumb\":{\"@id\":\"https:\\\/\\\/sarahtullamore.com\\\/mentions-legales\\\/#breadcrumb\"},\"inLanguage\":\"fr-FR\",\"potentialAction\":[{\"@type\":\"ReadAction\",\"target\":[\"https:\\\/\\\/sarahtullamore.com\\\/mentions-legales\\\/\"]}]},{\"@type\":\"BreadcrumbList\",\"@id\":\"https:\\\/\\\/sarahtullamore.com\\\/mentions-legales\\\/#breadcrumb\",\"itemListElement\":[{\"@type\":\"ListItem\",\"position\":1,\"name\":\"Accueil\",\"item\":\"https:\\\/\\\/sarahtullamore.com\\\/\"},{\"@type\":\"ListItem\",\"position\":2,\"name\":\"Mentions l\u00e9gales\"}]},{\"@type\":\"WebSite\",\"@id\":\"https:\\\/\\\/sarahtullamore.com\\\/#website\",\"url\":\"https:\\\/\\\/sarahtullamore.com\\\/\",\"name\":\"Sarah Tullamore\",\"description\":\"chanteuse,com\u00e9dienne, artiste de voix-off\",\"publisher\":{\"@id\":\"https:\\\/\\\/sarahtullamore.com\\\/#\\\/schema\\\/person\\\/1bb50dea6b61232b64b56e3087950e5b\"},\"potentialAction\":[{\"@type\":\"SearchAction\",\"target\":{\"@type\":\"EntryPoint\",\"urlTemplate\":\"https:\\\/\\\/sarahtullamore.com\\\/?s={search_term_string}\"},\"query-input\":{\"@type\":\"PropertyValueSpecification\",\"valueRequired\":true,\"valueName\":\"search_term_string\"}}],\"inLanguage\":\"fr-FR\"},{\"@type\":[\"Person\",\"Organization\"],\"@id\":\"https:\\\/\\\/sarahtullamore.com\\\/#\\\/schema\\\/person\\\/1bb50dea6b61232b64b56e3087950e5b\",\"name\":\"Sarah Tullamore\",\"image\":{\"@type\":\"ImageObject\",\"inLanguage\":\"fr-FR\",\"@id\":\"https:\\\/\\\/sarahtullamore.com\\\/wp-content\\\/uploads\\\/2025\\\/10\\\/logo-sarah2025v2.png\",\"url\":\"https:\\\/\\\/sarahtullamore.com\\\/wp-content\\\/uploads\\\/2025\\\/10\\\/logo-sarah2025v2.png\",\"contentUrl\":\"https:\\\/\\\/sarahtullamore.com\\\/wp-content\\\/uploads\\\/2025\\\/10\\\/logo-sarah2025v2.png\",\"width\":346,\"height\":118,\"caption\":\"Sarah Tullamore\"},\"logo\":{\"@id\":\"https:\\\/\\\/sarahtullamore.com\\\/wp-content\\\/uploads\\\/2025\\\/10\\\/logo-sarah2025v2.png\"}}]}<\/script>\n<!-- \/ Yoast SEO plugin. -->","yoast_head_json":{"title":"Mentions l\u00e9gales - Sarah Tullamore","robots":{"index":"index","follow":"follow","max-snippet":"max-snippet:-1","max-image-preview":"max-image-preview:large","max-video-preview":"max-video-preview:-1"},"canonical":"https:\/\/sarahtullamore.com\/fr_fr\/mentions-legales\/","og_locale":"fr_FR","og_type":"article","og_title":"Mentions l\u00e9gales - Sarah Tullamore","og_description":"Mentions l\u00e9gales \u258c\u00c9diteur du siteSarah Tullamoresarah.tullamore[at]gmail.com \u258cStatut juridiqueArtiste \u2013 Intermittente du spectacle \u258cConception du siteLaura Savow &#8211; UX\/UI designer graphiste \u258cH\u00e9bergeur du siteIONOS7 PLACE DE LA GARE 57200 SARREGUEMINES0970 808 911 \u258cPropri\u00e9t\u00e9 intellectuelleLe contenu (textes, images, vid\u00e9os\u2026) du site sarahtullamore.com est la propri\u00e9t\u00e9 de Sarah Tullamore, sauf mention contraire. Toute reproduction, repr\u00e9sentation ou adaptation, en [&hellip;]","og_url":"https:\/\/sarahtullamore.com\/fr_fr\/mentions-legales\/","og_site_name":"Sarah Tullamore","article_modified_time":"2026-02-09T12:20:17+00:00","twitter_misc":{"Dur\u00e9e de lecture estim\u00e9e":"2 minutes"},"schema":{"@context":"https:\/\/schema.org","@graph":[{"@type":"WebPage","@id":"https:\/\/sarahtullamore.com\/mentions-legales\/","url":"https:\/\/sarahtullamore.com\/mentions-legales\/","name":"Mentions l\u00e9gales - Sarah Tullamore","isPartOf":{"@id":"https:\/\/sarahtullamore.com\/#website"},"datePublished":"2025-11-17T18:46:41+00:00","dateModified":"2026-02-09T12:20:17+00:00","breadcrumb":{"@id":"https:\/\/sarahtullamore.com\/mentions-legales\/#breadcrumb"},"inLanguage":"fr-FR","potentialAction":[{"@type":"ReadAction","target":["https:\/\/sarahtullamore.com\/mentions-legales\/"]}]},{"@type":"BreadcrumbList","@id":"https:\/\/sarahtullamore.com\/mentions-legales\/#breadcrumb","itemListElement":[{"@type":"ListItem","position":1,"name":"Accueil","item":"https:\/\/sarahtullamore.com\/"},{"@type":"ListItem","position":2,"name":"Mentions l\u00e9gales"}]},{"@type":"WebSite","@id":"https:\/\/sarahtullamore.com\/#website","url":"https:\/\/sarahtullamore.com\/","name":"Sarah Tullamore","description":"chanteuse,com\u00e9dienne, artiste de voix-off","publisher":{"@id":"https:\/\/sarahtullamore.com\/#\/schema\/person\/1bb50dea6b61232b64b56e3087950e5b"},"potentialAction":[{"@type":"SearchAction","target":{"@type":"EntryPoint","urlTemplate":"https:\/\/sarahtullamore.com\/?s={search_term_string}"},"query-input":{"@type":"PropertyValueSpecification","valueRequired":true,"valueName":"search_term_string"}}],"inLanguage":"fr-FR"},{"@type":["Person","Organization"],"@id":"https:\/\/sarahtullamore.com\/#\/schema\/person\/1bb50dea6b61232b64b56e3087950e5b","name":"Sarah Tullamore","image":{"@type":"ImageObject","inLanguage":"fr-FR","@id":"https:\/\/sarahtullamore.com\/wp-content\/uploads\/2025\/10\/logo-sarah2025v2.png","url":"https:\/\/sarahtullamore.com\/wp-content\/uploads\/2025\/10\/logo-sarah2025v2.png","contentUrl":"https:\/\/sarahtullamore.com\/wp-content\/uploads\/2025\/10\/logo-sarah2025v2.png","width":346,"height":118,"caption":"Sarah Tullamore"},"logo":{"@id":"https:\/\/sarahtullamore.com\/wp-content\/uploads\/2025\/10\/logo-sarah2025v2.png"}}]}},"jetpack_sharing_enabled":true,"jetpack_shortlink":"https:\/\/wp.me\/Ph55sf-3AE","_links":{"self":[{"href":"https:\/\/sarahtullamore.com\/fr_fr\/wp-json\/wp\/v2\/pages\/13804","targetHints":{"allow":["GET"]}}],"collection":[{"href":"https:\/\/sarahtullamore.com\/fr_fr\/wp-json\/wp\/v2\/pages"}],"about":[{"href":"https:\/\/sarahtullamore.com\/fr_fr\/wp-json\/wp\/v2\/types\/page"}],"author":[{"embeddable":true,"href":"https:\/\/sarahtullamore.com\/fr_fr\/wp-json\/wp\/v2\/users\/3"}],"replies":[{"embeddable":true,"href":"https:\/\/sarahtullamore.com\/fr_fr\/wp-json\/wp\/v2\/comments?post=13804"}],"version-history":[{"count":16,"href":"https:\/\/sarahtullamore.com\/fr_fr\/wp-json\/wp\/v2\/pages\/13804\/revisions"}],"predecessor-version":[{"id":14226,"href":"https:\/\/sarahtullamore.com\/fr_fr\/wp-json\/wp\/v2\/pages\/13804\/revisions\/14226"}],"wp:attachment":[{"href":"https:\/\/sarahtullamore.com\/fr_fr\/wp-json\/wp\/v2\/media?parent=13804"}],"curies":[{"name":"wp","href":"https:\/\/api.w.org\/{rel}","templated":true}]}}